{"id":13,"date":"2023-11-23T10:33:30","date_gmt":"2023-11-23T09:33:30","guid":{"rendered":"https:\/\/neorea-france.com\/?page_id=13"},"modified":"2023-11-25T09:15:35","modified_gmt":"2023-11-25T08:15:35","slug":"politique-de-confidentialite-2","status":"publish","type":"page","link":"https:\/\/neorea-france.com\/?page_id=13","title":{"rendered":"Politique de confidentialit\u00e9"},"content":{"rendered":"\t\t<div data-elementor-type=\"wp-page\" data-elementor-id=\"13\" class=\"elementor elementor-13\">\n\t\t\t\t\t\t\t<div class=\"elementor-element elementor-element-97ee8ce e-flex e-con-boxed e-con e-parent\" data-id=\"97ee8ce\" data-element_type=\"container\" data-settings=\"{&quot;content_width&quot;:&quot;boxed&quot;}\" data-core-v316-plus=\"true\">\n\t\t\t\t\t<div class=\"e-con-inner\">\n\t\t\t\t<div class=\"elementor-element elementor-element-e2db44c elementor-widget-divider--view-line_text elementor-widget-divider--element-align-center elementor-widget elementor-widget-divider\" data-id=\"e2db44c\" data-element_type=\"widget\" data-widget_type=\"divider.default\">\n\t\t\t\t<div class=\"elementor-widget-container\">\n\t\t\t<style>\/*! elementor - v3.17.0 - 08-11-2023 *\/\n.elementor-widget-divider{--divider-border-style:none;--divider-border-width:1px;--divider-color:#0c0d0e;--divider-icon-size:20px;--divider-element-spacing:10px;--divider-pattern-height:24px;--divider-pattern-size:20px;--divider-pattern-url:none;--divider-pattern-repeat:repeat-x}.elementor-widget-divider .elementor-divider{display:flex}.elementor-widget-divider .elementor-divider__text{font-size:15px;line-height:1;max-width:95%}.elementor-widget-divider .elementor-divider__element{margin:0 var(--divider-element-spacing);flex-shrink:0}.elementor-widget-divider .elementor-icon{font-size:var(--divider-icon-size)}.elementor-widget-divider .elementor-divider-separator{display:flex;margin:0;direction:ltr}.elementor-widget-divider--view-line_icon .elementor-divider-separator,.elementor-widget-divider--view-line_text .elementor-divider-separator{align-items:center}.elementor-widget-divider--view-line_icon .elementor-divider-separator:after,.elementor-widget-divider--view-line_icon .elementor-divider-separator:before,.elementor-widget-divider--view-line_text .elementor-divider-separator:after,.elementor-widget-divider--view-line_text .elementor-divider-separator:before{display:block;content:\"\";border-bottom:0;flex-grow:1;border-top:var(--divider-border-width) var(--divider-border-style) var(--divider-color)}.elementor-widget-divider--element-align-left .elementor-divider .elementor-divider-separator>.elementor-divider__svg:first-of-type{flex-grow:0;flex-shrink:100}.elementor-widget-divider--element-align-left .elementor-divider-separator:before{content:none}.elementor-widget-divider--element-align-left .elementor-divider__element{margin-left:0}.elementor-widget-divider--element-align-right .elementor-divider .elementor-divider-separator>.elementor-divider__svg:last-of-type{flex-grow:0;flex-shrink:100}.elementor-widget-divider--element-align-right .elementor-divider-separator:after{content:none}.elementor-widget-divider--element-align-right .elementor-divider__element{margin-right:0}.elementor-widget-divider:not(.elementor-widget-divider--view-line_text):not(.elementor-widget-divider--view-line_icon) .elementor-divider-separator{border-top:var(--divider-border-width) var(--divider-border-style) var(--divider-color)}.elementor-widget-divider--separator-type-pattern{--divider-border-style:none}.elementor-widget-divider--separator-type-pattern.elementor-widget-divider--view-line .elementor-divider-separator,.elementor-widget-divider--separator-type-pattern:not(.elementor-widget-divider--view-line) .elementor-divider-separator:after,.elementor-widget-divider--separator-type-pattern:not(.elementor-widget-divider--view-line) .elementor-divider-separator:before,.elementor-widget-divider--separator-type-pattern:not([class*=elementor-widget-divider--view]) .elementor-divider-separator{width:100%;min-height:var(--divider-pattern-height);-webkit-mask-size:var(--divider-pattern-size) 100%;mask-size:var(--divider-pattern-size) 100%;-webkit-mask-repeat:var(--divider-pattern-repeat);mask-repeat:var(--divider-pattern-repeat);background-color:var(--divider-color);-webkit-mask-image:var(--divider-pattern-url);mask-image:var(--divider-pattern-url)}.elementor-widget-divider--no-spacing{--divider-pattern-size:auto}.elementor-widget-divider--bg-round{--divider-pattern-repeat:round}.rtl .elementor-widget-divider .elementor-divider__text{direction:rtl}.e-con-inner>.elementor-widget-divider,.e-con>.elementor-widget-divider{width:var(--container-widget-width,100%);--flex-grow:var(--container-widget-flex-grow)}<\/style>\t\t<div class=\"elementor-divider\">\n\t\t\t<span class=\"elementor-divider-separator\">\n\t\t\t\t\t\t\t<span class=\"elementor-divider__text elementor-divider__element\">\n\t\t\t\tPolitique de confidentialit\u00e9\t\t\t\t<\/span>\n\t\t\t\t\t\t<\/span>\n\t\t<\/div>\n\t\t\t\t<\/div>\n\t\t\t\t<\/div>\n\t\t\t\t<div class=\"elementor-element elementor-element-da8cc61 elementor-widget elementor-widget-text-editor\" data-id=\"da8cc61\" data-element_type=\"widget\" data-widget_type=\"text-editor.default\">\n\t\t\t\t<div class=\"elementor-widget-container\">\n\t\t\t<style>\/*! elementor - v3.17.0 - 08-11-2023 *\/\n.elementor-widget-text-editor.elementor-drop-cap-view-stacked .elementor-drop-cap{background-color:#69727d;color:#fff}.elementor-widget-text-editor.elementor-drop-cap-view-framed .elementor-drop-cap{color:#69727d;border:3px solid;background-color:transparent}.elementor-widget-text-editor:not(.elementor-drop-cap-view-default) .elementor-drop-cap{margin-top:8px}.elementor-widget-text-editor:not(.elementor-drop-cap-view-default) .elementor-drop-cap-letter{width:1em;height:1em}.elementor-widget-text-editor .elementor-drop-cap{float:left;text-align:center;line-height:1;font-size:50px}.elementor-widget-text-editor .elementor-drop-cap-letter{display:inline-block}<\/style>\t\t\t\t<p>Derni\u00e8re mise \u00e0 jour : 2023<\/p><p>Chez NEOREA, nous nous engageons \u00e0 prot\u00e9ger votre vie priv\u00e9e et vos donn\u00e9es personnelles. Cette politique de confidentialit\u00e9 vise \u00e0 vous informer sur la mani\u00e8re dont nous collectons, utilisons, partageons et prot\u00e9geons vos informations lorsque vous visitez notre site web www.neorea-france.com . En utilisant notre Site, vous consentez \u00e0 notre politique de confidentialit\u00e9.<\/p><p><strong>1. Collecte d&#8217;Informations<\/strong><\/p><p>1.1. Informations Personnelles<\/p><p>Lorsque vous visitez notre Site, nous pouvons collecter des informations personnelles telles que votre nom, votre adresse e-mail, votre num\u00e9ro de t\u00e9l\u00e9phone, et d&#8217;autres informations que vous nous fournissez volontairement lorsque vous remplissez des formulaires, cr\u00e9ez un compte, effectuez des achats, ou communiquez avec nous.<\/p><p>1.2. Informations de Navigation<\/p><p>Nous pouvons \u00e9galement collecter des informations non personnelles telles que votre adresse IP, le type de navigateur que vous utilisez, les pages que vous avez consult\u00e9es, et les temps d&#8217;acc\u00e8s. Ces informations nous aident \u00e0 am\u00e9liorer votre exp\u00e9rience sur notre Site et \u00e0 comprendre comment les visiteurs interagissent avec nous en ligne.<\/p><p><strong>2. Utilisation des Informations<\/strong><\/p><p>Nous utilisons vos informations personnelles pour les finalit\u00e9s suivantes :<\/p><p>&#8211; Traiter vos commandes et effectuer des transactions.<br \/>&#8211; Vous envoyer des informations sur nos produits, services, et promotions, si vous avez consenti \u00e0 recevoir de telles communications.<br \/>&#8211; Personnaliser votre exp\u00e9rience sur notre Site.<br \/>&#8211; R\u00e9pondre \u00e0 vos questions et demandes de support.<br \/>&#8211; Analyser l&#8217;utilisation de notre Site pour am\u00e9liorer nos services.<\/p><p><strong>3. Partage d&#8217;Informations<\/strong><\/p><p>Nous ne vendons, n&#8217;\u00e9changeons ni ne louons vos informations personnelles \u00e0 des tiers sans votre consentement explicite. Cependant, nous pouvons partager vos informations avec des prestataires de services tiers qui nous aident \u00e0 exploiter notre Site et \u00e0 fournir nos services. Ils sont tenus de maintenir la confidentialit\u00e9 de vos informations.<\/p><p>Nous pouvons \u00e9galement divulguer vos informations personnelles si la loi l&#8217;exige ou si cela est n\u00e9cessaire pour prot\u00e9ger nos droits l\u00e9gaux, notre Site, ou la s\u00e9curit\u00e9 de nos utilisateurs.<\/p><p><strong>4. S\u00e9curit\u00e9 des Informations<\/strong><\/p><p>Nous mettons en place des mesures de s\u00e9curit\u00e9 techniques et organisationnelles pour prot\u00e9ger vos informations personnelles contre les acc\u00e8s non autoris\u00e9s, la perte, la divulgation ou la modification. Cependant, il est important de noter qu&#8217;aucune m\u00e9thode de transmission ou de stockage de donn\u00e9es sur Internet n&#8217;est totalement s\u00e9curis\u00e9e.<\/p><p><strong>5. Vos Choix et Droits<\/strong><\/p><p>Vous avez le droit de demander l&#8217;acc\u00e8s, la correction ou la suppression de vos informations personnelles. Vous pouvez \u00e9galement retirer votre consentement pour les communications marketing \u00e0 tout moment. Pour exercer ces droits ou poser des questions sur notre politique de confidentialit\u00e9, veuillez nous contacter \u00e0 l&#8217;adresse contact@neorea-france.com\u00a0<\/p><p><strong>6. Modifications de la Politique de Confidentialit\u00e9<\/strong><\/p><p>Nous pouvons mettre \u00e0 jour cette politique de confidentialit\u00e9 de temps en temps pour refl\u00e9ter les changements dans nos pratiques. La version la plus r\u00e9cente sera toujours disponible sur notre Site, avec la date de la derni\u00e8re mise \u00e0 jour.<\/p>\t\t\t\t\t\t<\/div>\n\t\t\t\t<\/div>\n\t\t\t\t\t<\/div>\n\t\t\t\t<\/div>\n\t\t\t\t\t\t\t<\/div>\n\t\t","protected":false},"excerpt":{"rendered":"<p>Politique de confidentialit\u00e9 Derni\u00e8re mise \u00e0 jour : 2023 Chez NEOREA, nous nous engageons \u00e0 prot\u00e9ger votre vie priv\u00e9e et vos donn\u00e9es personnelles. Cette politique de confidentialit\u00e9 vise \u00e0 vous informer sur la mani\u00e8re dont nous collectons, utilisons, partageons et prot\u00e9geons vos informations lorsque vous visitez notre site web www.neorea-france.com . En utilisant notre Site, &hellip;<\/p>\n<p class=\"read-more\"> <a class=\"\" href=\"https:\/\/neorea-france.com\/?page_id=13\"> <span class=\"screen-reader-text\">Politique de confidentialit\u00e9<\/span> Read More &raquo;<\/a><\/p>\n","protected":false},"author":1,"featured_media":0,"parent":0,"menu_order":0,"comment_status":"closed","ping_status":"closed","template":"","meta":{"site-sidebar-layout":"no-sidebar","site-content-layout":"","ast-site-content-layout":"full-width-container","site-content-style":"default","site-sidebar-style":"default","ast-global-header-display":"","ast-banner-title-visibility":"","ast-main-header-display":"","ast-hfb-above-header-display":"","ast-hfb-below-header-display":"","ast-hfb-mobile-header-display":"","site-post-title":"disabled","ast-breadcrumbs-content":"","ast-featured-img":"disabled","footer-sml-layout":"","theme-transparent-header-meta":"","adv-header-id-meta":"","stick-header-meta":"","header-above-stick-meta":"","header-main-stick-meta":"","header-below-stick-meta":"","astra-migrate-meta-layouts":"","ast-page-background-enabled":"default","ast-page-background-meta":{"desktop":{"background-color":"var(--ast-global-color-4)","background-image":"","background-repeat":"repeat","background-position":"center center","background-size":"auto","background-attachment":"scroll","background-type":"","background-media":"","overlay-type":"","overlay-color":"","overlay-gradient":""},"tablet":{"background-color":"","background-image":"","background-repeat":"repeat","background-position":"center center","background-size":"auto","background-attachment":"scroll","background-type":"","background-media":"","overlay-type":"","overlay-color":"","overlay-gradient":""},"mobile":{"background-color":"","background-image":"","background-repeat":"repeat","background-position":"center center","background-size":"auto","background-attachment":"scroll","background-type":"","background-media":"","overlay-type":"","overlay-color":"","overlay-gradient":""}},"ast-content-background-meta":{"desktop":{"background-color":"var(--ast-global-color-5)","background-image":"","background-repeat":"repeat","background-position":"center center","background-size":"auto","background-attachment":"scroll","background-type":"","background-media":"","overlay-type":"","overlay-color":"","overlay-gradient":""},"tablet":{"background-color":"var(--ast-global-color-5)","background-image":"","background-repeat":"repeat","background-position":"center center","background-size":"auto","background-attachment":"scroll","background-type":"","background-media":"","overlay-type":"","overlay-color":"","overlay-gradient":""},"mobile":{"background-color":"var(--ast-global-color-5)","background-image":"","background-repeat":"repeat","background-position":"center center","background-size":"auto","background-attachment":"scroll","background-type":"","background-media":"","overlay-type":"","overlay-color":"","overlay-gradient":""}},"footnotes":""},"yoast_head":"<!-- This site is optimized with the Yoast SEO plugin v21.8.1 - https:\/\/yoast.com\/wordpress\/plugins\/seo\/ -->\n<title>Politique de confidentialit\u00e9 -<\/title>\n<meta name=\"robots\" content=\"index, follow, max-snippet:-1, max-image-preview:large, max-video-preview:-1\" \/>\n<link rel=\"canonical\" href=\"https:\/\/neorea-france.com\/?page_id=13\" \/>\n<meta property=\"og:locale\" content=\"en_US\" \/>\n<meta property=\"og:type\" content=\"article\" \/>\n<meta property=\"og:title\" content=\"Politique de confidentialit\u00e9 -\" \/>\n<meta property=\"og:description\" content=\"Politique de confidentialit\u00e9 Derni\u00e8re mise \u00e0 jour : 2023 Chez NEOREA, nous nous engageons \u00e0 prot\u00e9ger votre vie priv\u00e9e et vos donn\u00e9es personnelles. Cette politique de confidentialit\u00e9 vise \u00e0 vous informer sur la mani\u00e8re dont nous collectons, utilisons, partageons et prot\u00e9geons vos informations lorsque vous visitez notre site web www.neorea-france.com . En utilisant notre Site, &hellip; Politique de confidentialit\u00e9 Read More &raquo;\" \/>\n<meta property=\"og:url\" content=\"https:\/\/neorea-france.com\/?page_id=13\" \/>\n<meta property=\"article:modified_time\" content=\"2023-11-25T08:15:35+00:00\" \/>\n<meta name=\"twitter:card\" content=\"summary_large_image\" \/>\n<meta name=\"twitter:label1\" content=\"Est. reading time\" \/>\n\t<meta name=\"twitter:data1\" content=\"2 minutes\" \/>\n<script type=\"application\/ld+json\" class=\"yoast-schema-graph\">{\"@context\":\"https:\/\/schema.org\",\"@graph\":[{\"@type\":\"WebPage\",\"@id\":\"https:\/\/neorea-france.com\/?page_id=13\",\"url\":\"https:\/\/neorea-france.com\/?page_id=13\",\"name\":\"Politique de confidentialit\u00e9 -\",\"isPartOf\":{\"@id\":\"https:\/\/neorea-france.com\/#website\"},\"datePublished\":\"2023-11-23T09:33:30+00:00\",\"dateModified\":\"2023-11-25T08:15:35+00:00\",\"breadcrumb\":{\"@id\":\"https:\/\/neorea-france.com\/?page_id=13#breadcrumb\"},\"inLanguage\":\"en-US\",\"potentialAction\":[{\"@type\":\"ReadAction\",\"target\":[\"https:\/\/neorea-france.com\/?page_id=13\"]}]},{\"@type\":\"BreadcrumbList\",\"@id\":\"https:\/\/neorea-france.com\/?page_id=13#breadcrumb\",\"itemListElement\":[{\"@type\":\"ListItem\",\"position\":1,\"name\":\"Home\",\"item\":\"https:\/\/neorea-france.com\/\"},{\"@type\":\"ListItem\",\"position\":2,\"name\":\"Politique de confidentialit\u00e9\"}]},{\"@type\":\"WebSite\",\"@id\":\"https:\/\/neorea-france.com\/#website\",\"url\":\"https:\/\/neorea-france.com\/\",\"name\":\"\",\"description\":\"\",\"potentialAction\":[{\"@type\":\"SearchAction\",\"target\":{\"@type\":\"EntryPoint\",\"urlTemplate\":\"https:\/\/neorea-france.com\/?s={search_term_string}\"},\"query-input\":\"required name=search_term_string\"}],\"inLanguage\":\"en-US\"}]}<\/script>\n<!-- \/ Yoast SEO plugin. -->","yoast_head_json":{"title":"Politique de confidentialit\u00e9 -","robots":{"index":"index","follow":"follow","max-snippet":"max-snippet:-1","max-image-preview":"max-image-preview:large","max-video-preview":"max-video-preview:-1"},"canonical":"https:\/\/neorea-france.com\/?page_id=13","og_locale":"en_US","og_type":"article","og_title":"Politique de confidentialit\u00e9 -","og_description":"Politique de confidentialit\u00e9 Derni\u00e8re mise \u00e0 jour : 2023 Chez NEOREA, nous nous engageons \u00e0 prot\u00e9ger votre vie priv\u00e9e et vos donn\u00e9es personnelles. Cette politique de confidentialit\u00e9 vise \u00e0 vous informer sur la mani\u00e8re dont nous collectons, utilisons, partageons et prot\u00e9geons vos informations lorsque vous visitez notre site web www.neorea-france.com . En utilisant notre Site, &hellip; Politique de confidentialit\u00e9 Read More &raquo;","og_url":"https:\/\/neorea-france.com\/?page_id=13","article_modified_time":"2023-11-25T08:15:35+00:00","twitter_card":"summary_large_image","twitter_misc":{"Est. reading time":"2 minutes"},"schema":{"@context":"https:\/\/schema.org","@graph":[{"@type":"WebPage","@id":"https:\/\/neorea-france.com\/?page_id=13","url":"https:\/\/neorea-france.com\/?page_id=13","name":"Politique de confidentialit\u00e9 -","isPartOf":{"@id":"https:\/\/neorea-france.com\/#website"},"datePublished":"2023-11-23T09:33:30+00:00","dateModified":"2023-11-25T08:15:35+00:00","breadcrumb":{"@id":"https:\/\/neorea-france.com\/?page_id=13#breadcrumb"},"inLanguage":"en-US","potentialAction":[{"@type":"ReadAction","target":["https:\/\/neorea-france.com\/?page_id=13"]}]},{"@type":"BreadcrumbList","@id":"https:\/\/neorea-france.com\/?page_id=13#breadcrumb","itemListElement":[{"@type":"ListItem","position":1,"name":"Home","item":"https:\/\/neorea-france.com\/"},{"@type":"ListItem","position":2,"name":"Politique de confidentialit\u00e9"}]},{"@type":"WebSite","@id":"https:\/\/neorea-france.com\/#website","url":"https:\/\/neorea-france.com\/","name":"","description":"","potentialAction":[{"@type":"SearchAction","target":{"@type":"EntryPoint","urlTemplate":"https:\/\/neorea-france.com\/?s={search_term_string}"},"query-input":"required name=search_term_string"}],"inLanguage":"en-US"}]}},"_links":{"self":[{"href":"https:\/\/neorea-france.com\/index.php?rest_route=\/wp\/v2\/pages\/13"}],"collection":[{"href":"https:\/\/neorea-france.com\/index.php?rest_route=\/wp\/v2\/pages"}],"about":[{"href":"https:\/\/neorea-france.com\/index.php?rest_route=\/wp\/v2\/types\/page"}],"author":[{"embeddable":true,"href":"https:\/\/neorea-france.com\/index.php?rest_route=\/wp\/v2\/users\/1"}],"replies":[{"embeddable":true,"href":"https:\/\/neorea-france.com\/index.php?rest_route=%2Fwp%2Fv2%2Fcomments&post=13"}],"version-history":[{"count":4,"href":"https:\/\/neorea-france.com\/index.php?rest_route=\/wp\/v2\/pages\/13\/revisions"}],"predecessor-version":[{"id":284,"href":"https:\/\/neorea-france.com\/index.php?rest_route=\/wp\/v2\/pages\/13\/revisions\/284"}],"wp:attachment":[{"href":"https:\/\/neorea-france.com\/index.php?rest_route=%2Fwp%2Fv2%2Fmedia&parent=13"}],"curies":[{"name":"wp","href":"https:\/\/api.w.org\/{rel}","templated":true}]}}